{"id":5767,"date":"2016-08-25T01:27:56","date_gmt":"2016-08-25T01:27:56","guid":{"rendered":"http:\/\/fresh.cl\/aa\/?page_id=5767"},"modified":"2020-02-29T19:25:47","modified_gmt":"2020-02-29T19:25:47","slug":"nosotros","status":"publish","type":"page","link":"https:\/\/legatosales.com\/es\/nosotros\/","title":{"rendered":"Nosotros"},"content":{"rendered":"<p>[vc_row background_color=\u00bb#f9f9f9&#8243;][vc_column width=\u00bb1\/6&#8243;][\/vc_column][vc_column text_align=\u00bbcenter\u00bb width=\u00bb2\/3&#8243;][wyde_heading style=\u00bb4&#8243; title=\u00bbNOSOTROS\u00bb subheading_color=\u00bb#2ea836&#8243;][vc_empty_space][vc_custom_heading text=\u00bbLegato Sales es una agencia de ventas para Latinoam\u00e9rica especializada en instrumentos musicales y audio profesional. En esta regi\u00f3n amplia y diversa, donde el panorama del mercado var\u00eda en cada pa\u00eds, ayudamos a los fabricantes a alcanzar un mejor posicionamiento en el mercado, conectando los productos adecuados con los clientes correctos.\u00bb font_container=\u00bbtag:p|font_size:18px|text_align:center|line_height:30px\u00bb use_theme_fonts=\u00bbyes\u00bb][vc_custom_heading text=\u00bbCon oficinas en Santiago de Chile y Ciudad de M\u00e9xico, contamos con personal biling\u00fce y una estructura de soporte que facilitan una cadena de abastecimiento m\u00e1s eficiente y niveles m\u00e1s altos de servicio al cliente. Agregamos valor a los productos a trav\u00e9s de comunicaciones de marketing, soporte t\u00e9cnico, programas de entrenamiento y apoyo con endorsers y ventas backline.\u00bb font_container=\u00bbtag:p|font_size:18px|text_align:center|line_height:30px\u00bb use_theme_fonts=\u00bbyes\u00bb][vc_custom_heading text=\u00bbTambi\u00e9n ayudamos a los fabricantes a definir productos, pol\u00edticas y log\u00edstica basados en las necesidades de los clientes del mercado latinoamericano. Aclaramos problemas esenciales tales como requisitos de importaci\u00f3n, certificaciones el\u00e9ctricas y controles de divisas, de modo que los fabricantes puedan cumplir con las leyes y normas locales.\u00bb font_container=\u00bbtag:p|font_size:18px|text_align:center|line_height:30px\u00bb use_theme_fonts=\u00bbyes\u00bb][vc_custom_heading text=\u00bbLegato Sales trabaja con clientes en 20 pa\u00edses. Nuestra cartera de clientes incluye:\u00bb font_container=\u00bbtag:p|font_size:18px|text_align:center|line_height:30px\u00bb use_theme_fonts=\u00bbyes\u00bb][vc_row_inner][vc_column_inner][vc_custom_heading text=\u00bb\u2022 Mayoristas<br \/>\n\u2022 Tiendas especializadas independientes<br \/>\n\u2022 Tiendas por departamento<br \/>\n\u2022 Distribuidores de Exportaci\u00f3n en EEUU\u00bb font_container=\u00bbtag:p|font_size:18|text_align:center|line_height:2&#8243; use_theme_fonts=\u00bbyes\u00bb][\/vc_column_inner][\/vc_row_inner][\/vc_column][vc_column width=\u00bb1\/6&#8243;][\/vc_column][\/vc_row]<\/p>\n","protected":false},"excerpt":{"rendered":"<p>[vc_row background_color=\u00bb#f9f9f9&#8243;][vc_column width=\u00bb1\/6&#8243;][\/vc_column][vc_column text_align=\u00bbcenter\u00bb width=\u00bb2\/3&#8243;][wyde_heading style=\u00bb4&#8243; title=\u00bbNOSOTROS\u00bb subheading_color=\u00bb#2ea836&#8243;][vc_empty_space][vc_custom_heading text=\u00bbLegato Sales es una agencia de ventas para Latinoam\u00e9rica especializada en instrumentos musicales y audio profesional. En esta regi\u00f3n amplia y diversa, donde el panorama del mercado var\u00eda en cada pa\u00eds, ayudamos a los fabricantes a alcanzar un mejor posicionamiento en el mercado, conectando los productos adecuados [&hellip;]<\/p>\n","protected":false},"author":1,"featured_media":0,"parent":0,"menu_order":0,"comment_status":"closed","ping_status":"closed","template":"","meta":{"footnotes":""},"class_list":["post-5767","page","type-page","status-publish","hentry"],"_links":{"self":[{"href":"https:\/\/legatosales.com\/es\/wp-json\/wp\/v2\/pages\/5767","targetHints":{"allow":["GET"]}}],"collection":[{"href":"https:\/\/legatosales.com\/es\/wp-json\/wp\/v2\/pages"}],"about":[{"href":"https:\/\/legatosales.com\/es\/wp-json\/wp\/v2\/types\/page"}],"author":[{"embeddable":true,"href":"https:\/\/legatosales.com\/es\/wp-json\/wp\/v2\/users\/1"}],"replies":[{"embeddable":true,"href":"https:\/\/legatosales.com\/es\/wp-json\/wp\/v2\/comments?post=5767"}],"version-history":[{"count":24,"href":"https:\/\/legatosales.com\/es\/wp-json\/wp\/v2\/pages\/5767\/revisions"}],"predecessor-version":[{"id":6101,"href":"https:\/\/legatosales.com\/es\/wp-json\/wp\/v2\/pages\/5767\/revisions\/6101"}],"wp:attachment":[{"href":"https:\/\/legatosales.com\/es\/wp-json\/wp\/v2\/media?parent=5767"}],"curies":[{"name":"wp","href":"https:\/\/api.w.org\/{rel}","templated":true}]}}