{"id":2295,"date":"2016-01-22T14:17:36","date_gmt":"2016-01-22T14:17:36","guid":{"rendered":"http:\/\/192.168.0.16\/overlap\/?page_id=2295"},"modified":"2026-02-13T18:51:06","modified_gmt":"2026-02-13T18:51:06","slug":"marcas","status":"publish","type":"page","link":"https:\/\/legatosales.com\/es\/marcas\/","title":{"rendered":"Marcas"},"content":{"rendered":"<p>[vc_row][vc_column][wyde_heading style=\u00bb2&#8243; title=\u00bbMarcas\u00bb subheading=\u00bb LEGATO SALES REPRESENTA A ESTAS PRESTIGIOSAS MARCAS:\u00bb subheading_color=\u00bb#2ea836&#8243;][vc_empty_space height=\u00bb60px\u00bb][wyde_separator label_style=\u00bbicon\u00bb icon_set=\u00bblinecons\u00bb text_align=\u00bbcenter\u00bb color=\u00bb#2ea836&#8243; icon_linecons=\u00bblinecons-music\u00bb][vc_custom_heading text=\u00bbInstrumentos Musicales\u00bb font_container=\u00bbtag:h2|text_align:center|color:%23222222&#8243; google_fonts=\u00bbfont_family:Open%20Sans%3A300%2C300italic%2Cregular%2Citalic%2C600%2C600italic%2C700%2C700italic%2C800%2C800italic|font_style:700%20bold%20regular%3A700%3Anormal\u00bb][vc_empty_space][vc_row_inner vertical_align=\u00bbmiddle\u00bb background_color=\u00bb#f4f4f4&#8243; css=\u00bb.vc_custom_1472436303530{margin-bottom: 20px !important;padding-top: 20px !important;padding-right: 10px !important;padding-bottom: 20px !important;padding-left: 10px !important;}\u00bb][vc_column_inner width=\u00bb1\/4&#8243;][vc_single_image onclick=\u00bbcustom_link\u00bb link_target=\u00bb_blank\u00bb image=\u00bb6211&#8243; link=\u00bbhttps:\/\/store.bovedainc.com\/collections\/for-music\u00bb][\/vc_column_inner][vc_column_inner padding_size=\u00bbl-padding\u00bb width=\u00bb3\/4&#8243;][vc_column_text]El est\u00e1ndar mundial en control de humedad para instrumentos musicales.[\/vc_column_text][\/vc_column_inner][\/vc_row_inner][vc_row_inner vertical_align=\u00bbmiddle\u00bb background_color=\u00bb#f4f4f4&#8243; css=\u00bb.vc_custom_1472436303530{margin-bottom: 20px !important;padding-top: 20px !important;padding-right: 10px !important;padding-bottom: 20px !important;padding-left: 10px !important;}\u00bb][vc_column_inner width=\u00bb1\/4&#8243;][vc_single_image onclick=\u00bbcustom_link\u00bb link_target=\u00bb_blank\u00bb image=\u00bb6194&#8243; link=\u00bbhttps:\/\/www.drstrings.com\/\u00bb][\/vc_column_inner][vc_column_inner padding_size=\u00bbl-padding\u00bb width=\u00bb3\/4&#8243;][vc_column_text]Fabricante estadounidense de innovadoras cuerdas hechas a mano para guitarra y bajo.[\/vc_column_text][\/vc_column_inner][\/vc_row_inner][vc_row_inner vertical_align=\u00bbmiddle\u00bb background_color=\u00bb#f4f4f4&#8243; css=\u00bb.vc_custom_1472436303530{margin-bottom: 20px !important;padding-top: 20px !important;padding-right: 10px !important;padding-bottom: 20px !important;padding-left: 10px !important;}\u00bb][vc_column_inner width=\u00bb1\/4&#8243;][vc_single_image onclick=\u00bbcustom_link\u00bb link_target=\u00bb_blank\u00bb image=\u00bb6183&#8243; link=\u00bbhttps:\/\/www.martinguitar.com\/\u00bb][\/vc_column_inner][vc_column_inner padding_size=\u00bbl-padding\u00bb width=\u00bb3\/4&#8243;][vc_column_text]Prestigioso fabricante de las mejores guitarras ac\u00fasticas del mundo, desde 1833.[\/vc_column_text][\/vc_column_inner][\/vc_row_inner][vc_row_inner vertical_align=\u00bbmiddle\u00bb background_color=\u00bb#f4f4f4&#8243; css=\u00bb.vc_custom_1472436303530{margin-bottom: 20px !important;padding-top: 20px !important;padding-right: 10px !important;padding-bottom: 20px !important;padding-left: 10px !important;}\u00bb][vc_column_inner width=\u00bb1\/4&#8243;][vc_single_image onclick=\u00bbcustom_link\u00bb link_target=\u00bb_blank\u00bb image=\u00bb6173&#8243; link=\u00bbhttps:\/\/neuraldsp.com\/\u00bb][\/vc_column_inner][vc_column_inner padding_size=\u00bbl-padding\u00bb width=\u00bb3\/4&#8243;][vc_column_text]La marca l\u00edder mundial de modeladores de amplificadores, efectos y plugins.[\/vc_column_text][\/vc_column_inner][\/vc_row_inner][vc_row_inner vertical_align=\u00bbmiddle\u00bb background_color=\u00bb#f4f4f4&#8243; css=\u00bb.vc_custom_1472436303530{margin-bottom: 20px !important;padding-top: 20px !important;padding-right: 10px !important;padding-bottom: 20px !important;padding-left: 10px !important;}\u00bb][vc_column_inner width=\u00bb1\/4&#8243;][vc_single_image onclick=\u00bbcustom_link\u00bb link_target=\u00bb_blank\u00bb image=\u00bb5847&#8243; link=\u00bbhttps:\/\/orangeamps.com\/\u00bb][\/vc_column_inner][vc_column_inner padding_size=\u00bbl-padding\u00bb width=\u00bb3\/4&#8243;][vc_column_text]La marca l\u00edder mundial de modeladores de amplificadores, efectos y plugins.[\/vc_column_text][\/vc_column_inner][\/vc_row_inner][vc_row_inner vertical_align=\u00bbmiddle\u00bb background_color=\u00bb#f4f4f4&#8243; css=\u00bb.vc_custom_1472436303530{margin-bottom: 20px !important;padding-top: 20px !important;padding-right: 10px !important;padding-bottom: 20px !important;padding-left: 10px !important;}\u00bb][vc_column_inner width=\u00bb1\/4&#8243;][vc_single_image onclick=\u00bbcustom_link\u00bb link_target=\u00bb_blank\u00bb image=\u00bb6153&#8243; link=\u00bbhttps:\/\/shop.warwick.de\/en\/brands\/rockbag\u00bb][\/vc_column_inner][vc_column_inner padding_size=\u00bbl-padding\u00bb width=\u00bb3\/4&#8243;][vc_column_text]Fabricante l\u00edder de bolsas y accesorios para instrumentos y equipos musicales.[\/vc_column_text][\/vc_column_inner][\/vc_row_inner][vc_row_inner vertical_align=\u00bbmiddle\u00bb background_color=\u00bb#f4f4f4&#8243; css=\u00bb.vc_custom_1472436303530{margin-bottom: 20px !important;padding-top: 20px !important;padding-right: 10px !important;padding-bottom: 20px !important;padding-left: 10px !important;}\u00bb][vc_column_inner width=\u00bb1\/4&#8243;][vc_single_image onclick=\u00bbcustom_link\u00bb link_target=\u00bb_blank\u00bb image=\u00bb6182&#8243; link=\u00bbhttps:\/\/www.rockboard.de\/en\/\u00bb][\/vc_column_inner][vc_column_inner padding_size=\u00bbl-padding\u00bb width=\u00bb3\/4&#8243;][vc_column_text]Pedalboards innovadoras con caracter\u00edsticas y flexibilidad para el m\u00fasico moderno.[\/vc_column_text][\/vc_column_inner][\/vc_row_inner][vc_row_inner vertical_align=\u00bbmiddle\u00bb background_color=\u00bb#f4f4f4&#8243; css=\u00bb.vc_custom_1472436303530{margin-bottom: 20px !important;padding-top: 20px !important;padding-right: 10px !important;padding-bottom: 20px !important;padding-left: 10px !important;}\u00bb][vc_column_inner width=\u00bb1\/4&#8243;][vc_single_image onclick=\u00bbcustom_link\u00bb link_target=\u00bb_blank\u00bb image=\u00bb6167&#8243; link=\u00bbhttps:\/\/www.sadowsky.com\/\u00bb][\/vc_column_inner][vc_column_inner padding_size=\u00bbl-padding\u00bb width=\u00bb3\/4&#8243;][vc_column_text]Fabricante legendario de bajos, apreciados por m\u00fasicos exigentes.[\/vc_column_text][\/vc_column_inner][\/vc_row_inner][vc_row_inner vertical_align=\u00bbmiddle\u00bb background_color=\u00bb#f4f4f4&#8243; css=\u00bb.vc_custom_1472436303530{margin-bottom: 20px !important;padding-top: 20px !important;padding-right: 10px !important;padding-bottom: 20px !important;padding-left: 10px !important;}\u00bb][vc_column_inner width=\u00bb1\/4&#8243;][vc_single_image onclick=\u00bbcustom_link\u00bb link_target=\u00bb_blank\u00bb image=\u00bb6133&#8243; link=\u00bbhttp:\/\/www.seymourduncan.com\/\u00bb][\/vc_column_inner][vc_column_inner padding_size=\u00bbl-padding\u00bb width=\u00bb3\/4&#8243;][vc_column_text]El fabricante de pastillas para guitarra y bajo m\u00e1s querido del mundo.[\/vc_column_text][\/vc_column_inner][\/vc_row_inner][vc_row_inner vertical_align=\u00bbmiddle\u00bb background_color=\u00bb#f4f4f4&#8243; css=\u00bb.vc_custom_1472436303530{margin-bottom: 20px !important;padding-top: 20px !important;padding-right: 10px !important;padding-bottom: 20px !important;padding-left: 10px !important;}\u00bb][vc_column_inner width=\u00bb1\/4&#8243;][vc_single_image onclick=\u00bbcustom_link\u00bb link_target=\u00bb_blank\u00bb image=\u00bb6154&#8243; link=\u00bbhttps:\/\/www.warwickbass.com\/en\/Warwick-.html\u00bb][\/vc_column_inner][vc_column_inner padding_size=\u00bbl-padding\u00bb width=\u00bb3\/4&#8243;][vc_column_text]Bajos de primera calidad dise\u00f1ados en Alemania, con m\u00e1s de 50 a\u00f1os de tradici\u00f3n de fabricaci\u00f3n.[\/vc_column_text][\/vc_column_inner][\/vc_row_inner][vc_empty_space][wyde_separator label_style=\u00bbicon\u00bb icon_set=\u00bblinecons\u00bb text_align=\u00bbcenter\u00bb color=\u00bb#2ea836&#8243; icon_linecons=\u00bblinecons-sound\u00bb][vc_custom_heading text=\u00bbAudio Profesional\u00bb font_container=\u00bbtag:h2|text_align:center|color:%23222222&#8243; google_fonts=\u00bbfont_family:Open%20Sans%3A300%2C300italic%2Cregular%2Citalic%2C600%2C600italic%2C700%2C700italic%2C800%2C800italic|font_style:700%20bold%20regular%3A700%3Anormal\u00bb][vc_empty_space][vc_row_inner vertical_align=\u00bbmiddle\u00bb background_color=\u00bb#f4f4f4&#8243; css=\u00bb.vc_custom_1472436303530{margin-bottom: 20px !important;padding-top: 20px !important;padding-right: 10px !important;padding-bottom: 20px !important;padding-left: 10px !important;}\u00bb][vc_column_inner width=\u00bb1\/4&#8243;][vc_single_image onclick=\u00bbcustom_link\u00bb link_target=\u00bb_blank\u00bb image=\u00bb6037&#8243; link=\u00bbhttps:\/\/www.dynaudio.com\/professional-audio\u00bb][\/vc_column_inner][vc_column_inner padding_size=\u00bbl-padding\u00bb width=\u00bb3\/4&#8243;][vc_column_text]Monitores de estudio de alto rendimiento para grabaci\u00f3n, mezcla y masterizaci\u00f3n, hechos a mano en Dinamarca.[\/vc_column_text][\/vc_column_inner][\/vc_row_inner][vc_row_inner vertical_align=\u00bbmiddle\u00bb background_color=\u00bb#f4f4f4&#8243; css=\u00bb.vc_custom_1472436303530{margin-bottom: 20px !important;padding-top: 20px !important;padding-right: 10px !important;padding-bottom: 20px !important;padding-left: 10px !important;}\u00bb][vc_column_inner width=\u00bb1\/4&#8243;][vc_single_image onclick=\u00bbcustom_link\u00bb link_target=\u00bb_blank\u00bb image=\u00bb6160&#8243; link=\u00bbhttps:\/\/www.furmanpower.com\/\u00bb][\/vc_column_inner][vc_column_inner padding_size=\u00bbl-padding\u00bb width=\u00bb3\/4&#8243;][vc_column_text]L\u00edder en acondicionamiento, protecci\u00f3n y distribuci\u00f3n de energ\u00eda CA para profesionales AV.[\/vc_column_text][\/vc_column_inner][\/vc_row_inner][vc_row_inner vertical_align=\u00bbmiddle\u00bb background_color=\u00bb#f4f4f4&#8243; css=\u00bb.vc_custom_1472436303530{margin-bottom: 20px !important;padding-top: 20px !important;padding-right: 10px !important;padding-bottom: 20px !important;padding-left: 10px !important;}\u00bb][vc_column_inner width=\u00bb1\/4&#8243;][vc_single_image onclick=\u00bbcustom_link\u00bb link_target=\u00bb_blank\u00bb image=\u00bb6147&#8243; link=\u00bbhttps:\/\/hkaudio.com\u00bb][\/vc_column_inner][vc_column_inner padding_size=\u00bbl-padding\u00bb width=\u00bb3\/4&#8243;][vc_column_text]Fabricante alem\u00e1n de soluciones de refuerzo de sonido para m\u00fasica en vivo, DJ&#8217;s y espacios para eventos.[\/vc_column_text][\/vc_column_inner][\/vc_row_inner][\/vc_column][\/vc_row]<\/p>\n","protected":false},"excerpt":{"rendered":"<p>[vc_row][vc_column][wyde_heading style=\u00bb2&#8243; title=\u00bbMarcas\u00bb subheading=\u00bb LEGATO SALES REPRESENTA A ESTAS PRESTIGIOSAS MARCAS:\u00bb subheading_color=\u00bb#2ea836&#8243;][vc_empty_space height=\u00bb60px\u00bb][wyde_separator label_style=\u00bbicon\u00bb icon_set=\u00bblinecons\u00bb text_align=\u00bbcenter\u00bb color=\u00bb#2ea836&#8243; icon_linecons=\u00bblinecons-music\u00bb][vc_custom_heading text=\u00bbInstrumentos Musicales\u00bb font_container=\u00bbtag:h2|text_align:center|color:%23222222&#8243; google_fonts=\u00bbfont_family:Open%20Sans%3A300%2C300italic%2Cregular%2Citalic%2C600%2C600italic%2C700%2C700italic%2C800%2C800italic|font_style:700%20bold%20regular%3A700%3Anormal\u00bb][vc_empty_space][vc_row_inner vertical_align=\u00bbmiddle\u00bb background_color=\u00bb#f4f4f4&#8243; css=\u00bb.vc_custom_1472436303530{margin-bottom: 20px !important;padding-top: 20px !important;padding-right: 10px !important;padding-bottom: 20px !important;padding-left: 10px !important;}\u00bb][vc_column_inner width=\u00bb1\/4&#8243;][vc_single_image onclick=\u00bbcustom_link\u00bb link_target=\u00bb_blank\u00bb image=\u00bb6211&#8243; link=\u00bbhttps:\/\/store.bovedainc.com\/collections\/for-music\u00bb][\/vc_column_inner][vc_column_inner padding_size=\u00bbl-padding\u00bb width=\u00bb3\/4&#8243;][vc_column_text]El est\u00e1ndar mundial en control de humedad para instrumentos musicales.[\/vc_column_text][\/vc_column_inner][\/vc_row_inner][vc_row_inner vertical_align=\u00bbmiddle\u00bb background_color=\u00bb#f4f4f4&#8243; css=\u00bb.vc_custom_1472436303530{margin-bottom: 20px [&hellip;]<\/p>\n","protected":false},"author":1,"featured_media":0,"parent":0,"menu_order":0,"comment_status":"closed","ping_status":"closed","template":"","meta":{"footnotes":""},"class_list":["post-2295","page","type-page","status-publish","hentry"],"_links":{"self":[{"href":"https:\/\/legatosales.com\/es\/wp-json\/wp\/v2\/pages\/2295","targetHints":{"allow":["GET"]}}],"collection":[{"href":"https:\/\/legatosales.com\/es\/wp-json\/wp\/v2\/pages"}],"about":[{"href":"https:\/\/legatosales.com\/es\/wp-json\/wp\/v2\/types\/page"}],"author":[{"embeddable":true,"href":"https:\/\/legatosales.com\/es\/wp-json\/wp\/v2\/users\/1"}],"replies":[{"embeddable":true,"href":"https:\/\/legatosales.com\/es\/wp-json\/wp\/v2\/comments?post=2295"}],"version-history":[{"count":126,"href":"https:\/\/legatosales.com\/es\/wp-json\/wp\/v2\/pages\/2295\/revisions"}],"predecessor-version":[{"id":6214,"href":"https:\/\/legatosales.com\/es\/wp-json\/wp\/v2\/pages\/2295\/revisions\/6214"}],"wp:attachment":[{"href":"https:\/\/legatosales.com\/es\/wp-json\/wp\/v2\/media?parent=2295"}],"curies":[{"name":"wp","href":"https:\/\/api.w.org\/{rel}","templated":true}]}}