{"id":2262,"date":"2016-01-22T06:40:01","date_gmt":"2016-01-22T06:40:01","guid":{"rendered":"http:\/\/192.168.0.16\/overlap\/?page_id=2262"},"modified":"2026-02-13T18:47:31","modified_gmt":"2026-02-13T18:47:31","slug":"about-us-3","status":"publish","type":"page","link":"https:\/\/legatosales.com\/es\/","title":{"rendered":"Inicio"},"content":{"rendered":"<p>[vc_row row_style=\u00bbfull-width\u00bb equal_height=\u00bbtrue\u00bb padding_size=\u00bbno-padding\u00bb css=\u00bb.vc_custom_1590358187960{margin-bottom: -20px !important;}\u00bb][vc_column text_align=\u00bbcenter\u00bb][vc_empty_space height=\u00bb80px\u00bb][vc_empty_space height=\u00bb80px\u00bb][vc_custom_heading text=\u00bbSales &amp; Marketing\u00bb font_container=\u00bbtag:h2|font_size:38|text_align:center\u00bb google_fonts=\u00bbfont_family:Open{94f25609ce4d40a8f47925919ff346e9106e11589962a31399ec56a414e80d11}20Sans{94f25609ce4d40a8f47925919ff346e9106e11589962a31399ec56a414e80d11}3A300{94f25609ce4d40a8f47925919ff346e9106e11589962a31399ec56a414e80d11}2C300italic{94f25609ce4d40a8f47925919ff346e9106e11589962a31399ec56a414e80d11}2Cregular{94f25609ce4d40a8f47925919ff346e9106e11589962a31399ec56a414e80d11}2Citalic{94f25609ce4d40a8f47925919ff346e9106e11589962a31399ec56a414e80d11}2C600{94f25609ce4d40a8f47925919ff346e9106e11589962a31399ec56a414e80d11}2C600italic{94f25609ce4d40a8f47925919ff346e9106e11589962a31399ec56a414e80d11}2C700{94f25609ce4d40a8f47925919ff346e9106e11589962a31399ec56a414e80d11}2C700italic{94f25609ce4d40a8f47925919ff346e9106e11589962a31399ec56a414e80d11}2C800{94f25609ce4d40a8f47925919ff346e9106e11589962a31399ec56a414e80d11}2C800italic|font_style:700{94f25609ce4d40a8f47925919ff346e9106e11589962a31399ec56a414e80d11}20bold{94f25609ce4d40a8f47925919ff346e9106e11589962a31399ec56a414e80d11}20regular{94f25609ce4d40a8f47925919ff346e9106e11589962a31399ec56a414e80d11}3A700{94f25609ce4d40a8f47925919ff346e9106e11589962a31399ec56a414e80d11}3Anormal\u00bb css=\u00bb.vc_custom_1473297416062{margin-top: -100px !important;}\u00bb][vc_custom_heading text=\u00bbin Latin America and The Caribbean\u00bb font_container=\u00bbtag:h2|font_size:18|text_align:center\u00bb google_fonts=\u00bbfont_family:Open{94f25609ce4d40a8f47925919ff346e9106e11589962a31399ec56a414e80d11}20Sans{94f25609ce4d40a8f47925919ff346e9106e11589962a31399ec56a414e80d11}3A300{94f25609ce4d40a8f47925919ff346e9106e11589962a31399ec56a414e80d11}2C300italic{94f25609ce4d40a8f47925919ff346e9106e11589962a31399ec56a414e80d11}2Cregular{94f25609ce4d40a8f47925919ff346e9106e11589962a31399ec56a414e80d11}2Citalic{94f25609ce4d40a8f47925919ff346e9106e11589962a31399ec56a414e80d11}2C600{94f25609ce4d40a8f47925919ff346e9106e11589962a31399ec56a414e80d11}2C600italic{94f25609ce4d40a8f47925919ff346e9106e11589962a31399ec56a414e80d11}2C700{94f25609ce4d40a8f47925919ff346e9106e11589962a31399ec56a414e80d11}2C700italic{94f25609ce4d40a8f47925919ff346e9106e11589962a31399ec56a414e80d11}2C800{94f25609ce4d40a8f47925919ff346e9106e11589962a31399ec56a414e80d11}2C800italic|font_style:400{94f25609ce4d40a8f47925919ff346e9106e11589962a31399ec56a414e80d11}20regular{94f25609ce4d40a8f47925919ff346e9106e11589962a31399ec56a414e80d11}3A400{94f25609ce4d40a8f47925919ff346e9106e11589962a31399ec56a414e80d11}3Anormal\u00bb][wyde_separator text_align=\u00bbcenter\u00bb border_width=\u00bb3px\u00bb color=\u00bb#2ea836&#8243;][vc_empty_space][vc_custom_heading text=\u00bbLegato Sales es una agencia de ventas para Latinoam\u00e9rica especializada en instrumentos musicales y audio profesional. En esta regi\u00f3n amplia y diversa, donde el panorama del mercado var\u00eda en cada pa\u00eds, ayudamos a los fabricantes a alcanzar un mejor posicionamiento en el mercado, conectando los productos adecuados con los clientes correctos.\u00bb font_container=\u00bbtag:p|font_size:18|text_align:center\u00bb use_theme_fonts=\u00bbyes\u00bb css=\u00bb.vc_custom_1536194164034{padding-right: 30px !important;padding-left: 30px !important;}\u00bb][vc_empty_space][\/vc_column][\/vc_row][vc_row padding_size=\u00bbs-padding\u00bb][vc_column width=\u00bb1\/12&#8243;][\/vc_column][vc_column width=\u00bb10\/12&#8243; css=\u00bb.vc_custom_1536167323431{margin-bottom: 0px !important;}\u00bb][vc_row_inner][vc_column_inner][vc_custom_heading text=\u00bbInstrumentos Musicales\u00bb font_container=\u00bbtag:h2|font_size:14|text_align:center\u00bb google_fonts=\u00bbfont_family:Open%20Sans%3A300%2C300italic%2Cregular%2Citalic%2C600%2C600italic%2C700%2C700italic%2C800%2C800italic|font_style:400%20regular%3A400%3Anormal\u00bb][wyde_separator text_align=\u00bbcenter\u00bb color=\u00bb#0c0000&#8243;][\/vc_column_inner][\/vc_row_inner][vc_empty_space][vc_row_inner padding_size=\u00bbno-padding\u00bb el_class=\u00bbfive-columns\u00bb][\/vc_row_inner][\/vc_column][vc_column width=\u00bb1\/12&#8243;][\/vc_column][\/vc_row][vc_row vertical_align=\u00bbmiddle\u00bb padding_size=\u00bbs-padding\u00bb][vc_column width=\u00bb1\/12&#8243;][\/vc_column][vc_column width=\u00bb2\/12&#8243;][vc_single_image image=\u00bb6211&#8243;][\/vc_column][vc_column width=\u00bb2\/12&#8243;][vc_single_image image=\u00bb6194&#8243;][\/vc_column][vc_column width=\u00bb2\/12&#8243;][vc_single_image image=\u00bb6183&#8243;][\/vc_column][vc_column width=\u00bb2\/12&#8243;][vc_single_image image=\u00bb6173&#8243;][\/vc_column][vc_column width=\u00bb2\/12&#8243;][vc_single_image img_size=\u00bboverlap-large\u00bb alignment=\u00bbcenter\u00bb image=\u00bb6021&#8243;][\/vc_column][vc_column width=\u00bb1\/12&#8243;][\/vc_column][\/vc_row][vc_row vertical_align=\u00bbmiddle\u00bb padding_size=\u00bbs-padding\u00bb][vc_column width=\u00bb1\/12&#8243;][\/vc_column][vc_column width=\u00bb2\/12&#8243;][vc_single_image img_size=\u00bboverlap-large\u00bb alignment=\u00bbcenter\u00bb image=\u00bb6153&#8243;][\/vc_column][vc_column width=\u00bb2\/12&#8243;][vc_single_image image=\u00bb6182&#8243;][\/vc_column][vc_column width=\u00bb2\/12&#8243;][vc_single_image image=\u00bb6167&#8243;][\/vc_column][vc_column width=\u00bb2\/12&#8243;][vc_single_image image=\u00bb6133&#8243;][\/vc_column][vc_column width=\u00bb2\/12&#8243;][vc_single_image image=\u00bb6154&#8243;][\/vc_column][vc_column width=\u00bb1\/12&#8243;][\/vc_column][\/vc_row][vc_row padding_size=\u00bbno-padding\u00bb][vc_column width=\u00bb1\/6&#8243;][\/vc_column][vc_column width=\u00bb2\/3&#8243;][vc_empty_space height=\u00bb15px\u00bb][vc_empty_space height=\u00bb15px\u00bb][vc_empty_space height=\u00bb15px\u00bb][vc_custom_heading text=\u00bbAudio Profesional \u00bb font_container=\u00bbtag:h2|font_size:14|text_align:center\u00bb google_fonts=\u00bbfont_family:Open%20Sans%3A300%2C300italic%2Cregular%2Citalic%2C600%2C600italic%2C700%2C700italic%2C800%2C800italic|font_style:400%20regular%3A400%3Anormal\u00bb][wyde_separator text_align=\u00bbcenter\u00bb color=\u00bb#0c0000&#8243;][vc_row_inner][vc_column_inner width=\u00bb1\/3&#8243;][vc_single_image img_size=\u00bboverlap-large\u00bb alignment=\u00bbcenter\u00bb image=\u00bb6037&#8243;][\/vc_column_inner][vc_column_inner width=\u00bb1\/3&#8243;][vc_single_image image=\u00bb6160&#8243;][\/vc_column_inner][vc_column_inner width=\u00bb1\/3&#8243;][vc_single_image image=\u00bb6147&#8243;][\/vc_column_inner][\/vc_row_inner][vc_empty_space height=\u00bb100px\u00bb][\/vc_column][vc_column width=\u00bb1\/6&#8243;][\/vc_column][\/vc_row]<\/p>\n","protected":false},"excerpt":{"rendered":"<p>[vc_row row_style=\u00bbfull-width\u00bb equal_height=\u00bbtrue\u00bb padding_size=\u00bbno-padding\u00bb css=\u00bb.vc_custom_1590358187960{margin-bottom: -20px !important;}\u00bb][vc_column text_align=\u00bbcenter\u00bb][vc_empty_space height=\u00bb80px\u00bb][vc_empty_space height=\u00bb80px\u00bb][vc_custom_heading text=\u00bbSales &amp; Marketing\u00bb font_container=\u00bbtag:h2|font_size:38|text_align:center\u00bb google_fonts=\u00bbfont_family:Open{94f25609ce4d40a8f47925919ff346e9106e11589962a31399ec56a414e80d11}20Sans{94f25609ce4d40a8f47925919ff346e9106e11589962a31399ec56a414e80d11}3A300{94f25609ce4d40a8f47925919ff346e9106e11589962a31399ec56a414e80d11}2C300italic{94f25609ce4d40a8f47925919ff346e9106e11589962a31399ec56a414e80d11}2Cregular{94f25609ce4d40a8f47925919ff346e9106e11589962a31399ec56a414e80d11}2Citalic{94f25609ce4d40a8f47925919ff346e9106e11589962a31399ec56a414e80d11}2C600{94f25609ce4d40a8f47925919ff346e9106e11589962a31399ec56a414e80d11}2C600italic{94f25609ce4d40a8f47925919ff346e9106e11589962a31399ec56a414e80d11}2C700{94f25609ce4d40a8f47925919ff346e9106e11589962a31399ec56a414e80d11}2C700italic{94f25609ce4d40a8f47925919ff346e9106e11589962a31399ec56a414e80d11}2C800{94f25609ce4d40a8f47925919ff346e9106e11589962a31399ec56a414e80d11}2C800italic|font_style:700{94f25609ce4d40a8f47925919ff346e9106e11589962a31399ec56a414e80d11}20bold{94f25609ce4d40a8f47925919ff346e9106e11589962a31399ec56a414e80d11}20regular{94f25609ce4d40a8f47925919ff346e9106e11589962a31399ec56a414e80d11}3A700{94f25609ce4d40a8f47925919ff346e9106e11589962a31399ec56a414e80d11}3Anormal\u00bb css=\u00bb.vc_custom_1473297416062{margin-top: -100px !important;}\u00bb][vc_custom_heading text=\u00bbin Latin America and The Caribbean\u00bb font_container=\u00bbtag:h2|font_size:18|text_align:center\u00bb google_fonts=\u00bbfont_family:Open{94f25609ce4d40a8f47925919ff346e9106e11589962a31399ec56a414e80d11}20Sans{94f25609ce4d40a8f47925919ff346e9106e11589962a31399ec56a414e80d11}3A300{94f25609ce4d40a8f47925919ff346e9106e11589962a31399ec56a414e80d11}2C300italic{94f25609ce4d40a8f47925919ff346e9106e11589962a31399ec56a414e80d11}2Cregular{94f25609ce4d40a8f47925919ff346e9106e11589962a31399ec56a414e80d11}2Citalic{94f25609ce4d40a8f47925919ff346e9106e11589962a31399ec56a414e80d11}2C600{94f25609ce4d40a8f47925919ff346e9106e11589962a31399ec56a414e80d11}2C600italic{94f25609ce4d40a8f47925919ff346e9106e11589962a31399ec56a414e80d11}2C700{94f25609ce4d40a8f47925919ff346e9106e11589962a31399ec56a414e80d11}2C700italic{94f25609ce4d40a8f47925919ff346e9106e11589962a31399ec56a414e80d11}2C800{94f25609ce4d40a8f47925919ff346e9106e11589962a31399ec56a414e80d11}2C800italic|font_style:400{94f25609ce4d40a8f47925919ff346e9106e11589962a31399ec56a414e80d11}20regular{94f25609ce4d40a8f47925919ff346e9106e11589962a31399ec56a414e80d11}3A400{94f25609ce4d40a8f47925919ff346e9106e11589962a31399ec56a414e80d11}3Anormal\u00bb][wyde_separator text_align=\u00bbcenter\u00bb border_width=\u00bb3px\u00bb color=\u00bb#2ea836&#8243;][vc_empty_space][vc_custom_heading text=\u00bbLegato Sales es una agencia de ventas para Latinoam\u00e9rica especializada en instrumentos musicales y audio profesional. En esta regi\u00f3n amplia y diversa, donde el panorama del [&hellip;]<\/p>\n","protected":false},"author":1,"featured_media":0,"parent":0,"menu_order":0,"comment_status":"closed","ping_status":"closed","template":"","meta":{"footnotes":""},"class_list":["post-2262","page","type-page","status-publish","hentry"],"_links":{"self":[{"href":"https:\/\/legatosales.com\/es\/wp-json\/wp\/v2\/pages\/2262","targetHints":{"allow":["GET"]}}],"collection":[{"href":"https:\/\/legatosales.com\/es\/wp-json\/wp\/v2\/pages"}],"about":[{"href":"https:\/\/legatosales.com\/es\/wp-json\/wp\/v2\/types\/page"}],"author":[{"embeddable":true,"href":"https:\/\/legatosales.com\/es\/wp-json\/wp\/v2\/users\/1"}],"replies":[{"embeddable":true,"href":"https:\/\/legatosales.com\/es\/wp-json\/wp\/v2\/comments?post=2262"}],"version-history":[{"count":179,"href":"https:\/\/legatosales.com\/es\/wp-json\/wp\/v2\/pages\/2262\/revisions"}],"predecessor-version":[{"id":6212,"href":"https:\/\/legatosales.com\/es\/wp-json\/wp\/v2\/pages\/2262\/revisions\/6212"}],"wp:attachment":[{"href":"https:\/\/legatosales.com\/es\/wp-json\/wp\/v2\/media?parent=2262"}],"curies":[{"name":"wp","href":"https:\/\/api.w.org\/{rel}","templated":true}]}}